{"id":23,"date":"2020-02-05T00:41:58","date_gmt":"2020-02-04T23:41:58","guid":{"rendered":"http:\/\/dakuglas.ch\/?page_id=23"},"modified":"2025-02-16T11:38:46","modified_gmt":"2025-02-16T10:38:46","slug":"impressum","status":"publish","type":"page","link":"https:\/\/dakuglas.ch\/index.php\/impressum\/","title":{"rendered":"Impressum"},"content":{"rendered":"\t\t<div data-elementor-type=\"wp-page\" data-elementor-id=\"23\" class=\"elementor elementor-23\">\n\t\t\t\t\t\t<section class=\"elementor-section elementor-top-section elementor-element elementor-element-15776f1 elementor-section-boxed elementor-section-height-default elementor-section-height-default\" data-id=\"15776f1\" data-element_type=\"section\" data-e-type=\"section\">\n\t\t\t\t\t\t<div class=\"elementor-container elementor-column-gap-default\">\n\t\t\t\t\t<div class=\"elementor-column elementor-col-100 elementor-top-column elementor-element elementor-element-735392a\" data-id=\"735392a\" data-element_type=\"column\" data-e-type=\"column\">\n\t\t\t<div class=\"elementor-widget-wrap elementor-element-populated\">\n\t\t\t\t\t\t<section class=\"elementor-section elementor-inner-section elementor-element elementor-element-ea1f55a elementor-section-boxed elementor-section-height-default elementor-section-height-default\" data-id=\"ea1f55a\" data-element_type=\"section\" data-e-type=\"section\">\n\t\t\t\t\t\t<div class=\"elementor-container elementor-column-gap-default\">\n\t\t\t\t\t<div class=\"elementor-column elementor-col-50 elementor-inner-column elementor-element elementor-element-44ebdff\" data-id=\"44ebdff\" data-element_type=\"column\" data-e-type=\"column\">\n\t\t\t<div class=\"elementor-widget-wrap elementor-element-populated\">\n\t\t\t\t\t\t<div class=\"elementor-element elementor-element-fd2fc8f elementor-widget elementor-widget-text-editor\" data-id=\"fd2fc8f\" data-element_type=\"widget\" data-e-type=\"widget\" data-widget_type=\"text-editor.default\">\n\t\t\t\t<div class=\"elementor-widget-container\">\n\t\t\t\t\t\t\t\t\t<h4><b>Verantwortlich f\u00fcr den Inhalt<\/b><\/h4><p><strong>Daniel K\u00fcng<\/strong><br \/>Seftigenstr. 119B<br \/>3123 Belp<\/p><p><a href=\"mailto:info@dakuglas.ch\"><span style=\"text-decoration: underline;\">info@dakuglas.ch<\/span><\/a><\/p>\t\t\t\t\t\t\t\t<\/div>\n\t\t\t\t<\/div>\n\t\t\t\t\t<\/div>\n\t\t<\/div>\n\t\t\t\t<div class=\"elementor-column elementor-col-50 elementor-inner-column elementor-element elementor-element-28550a5\" data-id=\"28550a5\" data-element_type=\"column\" data-e-type=\"column\">\n\t\t\t<div class=\"elementor-widget-wrap elementor-element-populated\">\n\t\t\t\t\t\t<div class=\"elementor-element elementor-element-cd91499 elementor-widget elementor-widget-text-editor\" data-id=\"cd91499\" data-element_type=\"widget\" data-e-type=\"widget\" data-widget_type=\"text-editor.default\">\n\t\t\t\t<div class=\"elementor-widget-container\">\n\t\t\t\t\t\t\t\t\t<h4>Webdesign<\/h4><p><strong>vomweb &#8211; Markus Vogt<\/strong><\/p><p><span style=\"text-decoration: underline;\"><a href=\"mailto:info@vomweb.ch\">info@vomweb.ch<\/a><\/span><\/p>\t\t\t\t\t\t\t\t<\/div>\n\t\t\t\t<\/div>\n\t\t\t\t\t<\/div>\n\t\t<\/div>\n\t\t\t\t\t<\/div>\n\t\t<\/section>\n\t\t\t\t\t<\/div>\n\t\t<\/div>\n\t\t\t\t\t<\/div>\n\t\t<\/section>\n\t\t\t\t<section class=\"elementor-section elementor-top-section elementor-element elementor-element-73274b1 elementor-section-boxed elementor-section-height-default elementor-section-height-default\" data-id=\"73274b1\" data-element_type=\"section\" data-e-type=\"section\">\n\t\t\t\t\t\t<div class=\"elementor-container elementor-column-gap-default\">\n\t\t\t\t\t<div class=\"elementor-column elementor-col-100 elementor-top-column elementor-element elementor-element-9d83c36\" data-id=\"9d83c36\" data-element_type=\"column\" data-e-type=\"column\">\n\t\t\t<div class=\"elementor-widget-wrap elementor-element-populated\">\n\t\t\t\t\t\t<div class=\"elementor-element elementor-element-e621305 elementor-widget elementor-widget-text-editor\" data-id=\"e621305\" data-element_type=\"widget\" data-e-type=\"widget\" data-widget_type=\"text-editor.default\">\n\t\t\t\t<div class=\"elementor-widget-container\">\n\t\t\t\t\t\t\t\t\t<div data-name=\"row\" data-uniqueid=\"JoSiUv0kDbcgOif\" data-parentuniqueid=\"mr1mbjwYbTMCjYl\"><div data-rowtype=\"text-2a\"><div><div data-name=\"contentgroup\" data-uniqueid=\"wElQIeSrPA4Y0HI\" data-parentuniqueid=\"JoSiUv0kDbcgOif\"><div><div><div><div><div><h4><b>Copyright<\/b><\/h4><\/div><div><div>Das Copyright f\u00fcr s\u00e4mtliche Inhalte dieser Website liegt bei Dakuglas.<\/div><\/div><div>\u00a0<\/div><\/div><div><section class=\"elementor-element elementor-element-16cd06b elementor-section-boxed elementor-section-height-default elementor-section-height-default elementor-section elementor-top-section\" data-id=\"16cd06b\" data-element_type=\"section\"><div class=\"elementor-container elementor-column-gap-default\"><div class=\"elementor-row\"><div class=\"elementor-element elementor-element-115928a elementor-column elementor-col-100 elementor-top-column\" data-id=\"115928a\" data-element_type=\"column\"><div class=\"elementor-column-wrap elementor-element-populated\"><div class=\"elementor-widget-wrap\"><div class=\"elementor-element elementor-element-101bac1 elementor-widget elementor-widget-heading\" data-id=\"101bac1\" data-element_type=\"widget\" data-widget_type=\"heading.default\"><div class=\"elementor-widget-container\"><h4>\u00a0<\/h4><h4 class=\"elementor-heading-title elementor-size-default\">Haftungsausschluss \/ Disclaimer<\/h4><\/div><\/div><div class=\"elementor-element elementor-element-96f7bcb elementor-widget elementor-widget-text-editor\" data-id=\"96f7bcb\" data-element_type=\"widget\" data-widget_type=\"text-editor.default\"><div class=\"elementor-widget-container\"><div class=\"elementor-text-editor elementor-clearfix\"><p><strong>Haftung f\u00fcr Inhalte<\/strong><br \/>Als Betreiber der Seiten sind wir f\u00fcr eigene Inhalte nach den allgemeinen Gesetzen verantwortlich. Die Inhalte der Seiten wurden mit gr\u00f6sster Sorgfalt erstellt. F\u00fcr die Richtigkeit, Vollst\u00e4ndigkeit und Aktualit\u00e4t der Inhalte k\u00f6nnen wir jedoch keine Haftung \u00fcbernehmen.<\/p><\/div><p><strong>Haftung f\u00fcr Links<\/strong><br \/>Unser Angebot enth\u00e4lt Links zu externen Webseiten, auf deren Inhalte wir keinen Einfluss haben. Deshalb k\u00f6nnen wir f\u00fcr diese fremden Inhalte auch keine Gew\u00e4hr \u00fcbernehmen. F\u00fcr die Inhalte der verlinkten Seiten ist der jeweilige Anbieter verantwortlich. Die Seiten wurden zum Zeitpunkt der Verlinkung auf m\u00f6gliche Rechtsverst\u00f6sse \u00fcberpr\u00fcft. Eine permanente Kontrolle der verlinkten Seiten ist jedoch ohne konkrete Anhaltspunkte nicht zumutbar. Bei bekannt werden von Rechtsverletzungen werden wir diese Links umgehend entfernen.<\/p><div class=\"elementor-text-editor elementor-clearfix\"><p><strong>Urheberrecht<\/strong><br \/>Die Ver\u00f6ffentlichungen auf diesen Seiten unterliegen dem Urheberrecht. Die Vervielf\u00e4ltigung, Bearbeitung, Verbreitung und jede Art der Verwertung ausserhalb der Grenzen des Urheberrechtes bed\u00fcrfen der schriftlichen Zustimmung des jeweiligen Verfassers. Beitr\u00e4ge Dritter sind als solche gekennzeichnet.<\/p><p>Quelle: Disclaimer von eRecht24 \u2013 Portal zum Internetrecht<\/p><\/div><\/div><\/div><\/div><\/div><\/div><\/div><\/div><\/section><\/div><\/div><\/div><\/div><\/div><\/div><\/div><\/div>\t\t\t\t\t\t\t\t<\/div>\n\t\t\t\t<\/div>\n\t\t\t\t\t<\/div>\n\t\t<\/div>\n\t\t\t\t\t<\/div>\n\t\t<\/section>\n\t\t\t\t<\/div>\n\t\t","protected":false},"excerpt":{"rendered":"<p>Verantwortlich f\u00fcr den Inhalt Daniel K\u00fcngSeftigenstr. 119B3123 Belp info@dakuglas.ch Webdesign vomweb &#8211; Markus Vogt info@vomweb.ch Copyright Das Copyright f\u00fcr s\u00e4mtliche Inhalte dieser Website liegt bei Dakuglas.\u00a0 \u00a0 Haftungsausschluss \/ Disclaimer Haftung f\u00fcr InhalteAls Betreiber der Seiten sind wir f\u00fcr eigene Inhalte nach den allgemeinen Gesetzen verantwortlich. Die Inhalte der Seiten wurden mit gr\u00f6sster Sorgfalt erstellt. [&hellip;]<\/p>\n","protected":false},"author":1,"featured_media":0,"parent":0,"menu_order":0,"comment_status":"closed","ping_status":"closed","template":"","meta":{"ocean_post_layout":"full-width","ocean_both_sidebars_style":"","ocean_both_sidebars_content_width":0,"ocean_both_sidebars_sidebars_width":0,"ocean_sidebar":"0","ocean_second_sidebar":"0","ocean_disable_margins":"enable","ocean_add_body_class":"","ocean_shortcode_before_top_bar":"","ocean_shortcode_after_top_bar":"","ocean_shortcode_before_header":"","ocean_shortcode_after_header":"","ocean_has_shortcode":"","ocean_shortcode_after_title":"","ocean_shortcode_before_footer_widgets":"","ocean_shortcode_after_footer_widgets":"","ocean_shortcode_before_footer_bottom":"","ocean_shortcode_after_footer_bottom":"","ocean_display_top_bar":"default","ocean_display_header":"default","ocean_header_style":"","ocean_center_header_left_menu":"0","ocean_custom_header_template":"0","ocean_custom_logo":0,"ocean_custom_retina_logo":0,"ocean_custom_logo_max_width":0,"ocean_custom_logo_tablet_max_width":0,"ocean_custom_logo_mobile_max_width":0,"ocean_custom_logo_max_height":0,"ocean_custom_logo_tablet_max_height":0,"ocean_custom_logo_mobile_max_height":0,"ocean_header_custom_menu":"0","ocean_menu_typo_font_family":"0","ocean_menu_typo_font_subset":"","ocean_menu_typo_font_size":0,"ocean_menu_typo_font_size_tablet":0,"ocean_menu_typo_font_size_mobile":0,"ocean_menu_typo_font_size_unit":"px","ocean_menu_typo_font_weight":"","ocean_menu_typo_font_weight_tablet":"","ocean_menu_typo_font_weight_mobile":"","ocean_menu_typo_transform":"","ocean_menu_typo_transform_tablet":"","ocean_menu_typo_transform_mobile":"","ocean_menu_typo_line_height":0,"ocean_menu_typo_line_height_tablet":0,"ocean_menu_typo_line_height_mobile":0,"ocean_menu_typo_line_height_unit":"","ocean_menu_typo_spacing":0,"ocean_menu_typo_spacing_tablet":0,"ocean_menu_typo_spacing_mobile":0,"ocean_menu_typo_spacing_unit":"","ocean_menu_link_color":"","ocean_menu_link_color_hover":"","ocean_menu_link_color_active":"","ocean_menu_link_background":"","ocean_menu_link_hover_background":"","ocean_menu_link_active_background":"","ocean_menu_social_links_bg":"","ocean_menu_social_hover_links_bg":"","ocean_menu_social_links_color":"","ocean_menu_social_hover_links_color":"","ocean_disable_title":"default","ocean_disable_heading":"default","ocean_post_title":"","ocean_post_subheading":"","ocean_post_title_style":"","ocean_post_title_background_color":"","ocean_post_title_background":0,"ocean_post_title_bg_image_position":"","ocean_post_title_bg_image_attachment":"","ocean_post_title_bg_image_repeat":"","ocean_post_title_bg_image_size":"","ocean_post_title_height":0,"ocean_post_title_bg_overlay":0.5,"ocean_post_title_bg_overlay_color":"","ocean_disable_breadcrumbs":"default","ocean_breadcrumbs_color":"","ocean_breadcrumbs_separator_color":"","ocean_breadcrumbs_links_color":"","ocean_breadcrumbs_links_hover_color":"","ocean_display_footer_widgets":"default","ocean_display_footer_bottom":"default","ocean_custom_footer_template":"0","footnotes":""},"class_list":["post-23","page","type-page","status-publish","hentry","entry"],"yoast_head":"<!-- This site is optimized with the Yoast SEO plugin v18.4.1 - https:\/\/yoast.com\/wordpress\/plugins\/seo\/ -->\n<title>Impressum - Dakuglas<\/title>\n<meta name=\"robots\" content=\"index, follow, max-snippet:-1, max-image-preview:large, max-video-preview:-1\" \/>\n<link rel=\"canonical\" href=\"https:\/\/dakuglas.ch\/index.php\/impressum\/\" \/>\n<meta property=\"og:locale\" content=\"de_DE\" \/>\n<meta property=\"og:type\" content=\"article\" \/>\n<meta property=\"og:title\" content=\"Impressum - Dakuglas\" \/>\n<meta property=\"og:description\" content=\"Verantwortlich f\u00fcr den Inhalt Daniel K\u00fcngSeftigenstr. 119B3123 Belp info@dakuglas.ch Webdesign vomweb &#8211; Markus Vogt info@vomweb.ch Copyright Das Copyright f\u00fcr s\u00e4mtliche Inhalte dieser Website liegt bei Dakuglas.\u00a0 \u00a0 Haftungsausschluss \/ Disclaimer Haftung f\u00fcr InhalteAls Betreiber der Seiten sind wir f\u00fcr eigene Inhalte nach den allgemeinen Gesetzen verantwortlich. Die Inhalte der Seiten wurden mit gr\u00f6sster Sorgfalt erstellt. [&hellip;]\" \/>\n<meta property=\"og:url\" content=\"https:\/\/dakuglas.ch\/index.php\/impressum\/\" \/>\n<meta property=\"og:site_name\" content=\"Dakuglas\" \/>\n<meta property=\"article:modified_time\" content=\"2025-02-16T10:38:46+00:00\" \/>\n<meta name=\"twitter:card\" content=\"summary_large_image\" \/>\n<meta name=\"twitter:label1\" content=\"Est. reading time\" \/>\n\t<meta name=\"twitter:data1\" content=\"1\u00a0Minute\" \/>\n<script type=\"application\/ld+json\" class=\"yoast-schema-graph\">{\"@context\":\"https:\/\/schema.org\",\"@graph\":[{\"@type\":\"Organization\",\"@id\":\"https:\/\/dakuglas.ch\/#organization\",\"name\":\"Dakuglas, Daniel K\u00fcng, Belp\",\"url\":\"https:\/\/dakuglas.ch\/\",\"sameAs\":[],\"logo\":{\"@type\":\"ImageObject\",\"@id\":\"https:\/\/dakuglas.ch\/#logo\",\"inLanguage\":\"de-CH\",\"url\":\"https:\/\/dakuglas.ch\/wp-content\/uploads\/2020\/02\/dakuglas_logo_09.png\",\"contentUrl\":\"https:\/\/dakuglas.ch\/wp-content\/uploads\/2020\/02\/dakuglas_logo_09.png\",\"width\":750,\"height\":150,\"caption\":\"Dakuglas, Daniel K\u00fcng, Belp\"},\"image\":{\"@id\":\"https:\/\/dakuglas.ch\/#logo\"}},{\"@type\":\"WebSite\",\"@id\":\"https:\/\/dakuglas.ch\/#website\",\"url\":\"https:\/\/dakuglas.ch\/\",\"name\":\"Dakuglas\",\"description\":\"Mosaike Daniel K\u00fcng, Belp\",\"publisher\":{\"@id\":\"https:\/\/dakuglas.ch\/#organization\"},\"potentialAction\":[{\"@type\":\"SearchAction\",\"target\":{\"@type\":\"EntryPoint\",\"urlTemplate\":\"https:\/\/dakuglas.ch\/?s={search_term_string}\"},\"query-input\":\"required name=search_term_string\"}],\"inLanguage\":\"de-CH\"},{\"@type\":\"WebPage\",\"@id\":\"https:\/\/dakuglas.ch\/index.php\/impressum\/#webpage\",\"url\":\"https:\/\/dakuglas.ch\/index.php\/impressum\/\",\"name\":\"Impressum - Dakuglas\",\"isPartOf\":{\"@id\":\"https:\/\/dakuglas.ch\/#website\"},\"datePublished\":\"2020-02-04T23:41:58+00:00\",\"dateModified\":\"2025-02-16T10:38:46+00:00\",\"breadcrumb\":{\"@id\":\"https:\/\/dakuglas.ch\/index.php\/impressum\/#breadcrumb\"},\"inLanguage\":\"de-CH\",\"potentialAction\":[{\"@type\":\"ReadAction\",\"target\":[\"https:\/\/dakuglas.ch\/index.php\/impressum\/\"]}]},{\"@type\":\"BreadcrumbList\",\"@id\":\"https:\/\/dakuglas.ch\/index.php\/impressum\/#breadcrumb\",\"itemListElement\":[{\"@type\":\"ListItem\",\"position\":1,\"name\":\"Home\",\"item\":\"https:\/\/dakuglas.ch\/\"},{\"@type\":\"ListItem\",\"position\":2,\"name\":\"Impressum\"}]}]}<\/script>\n<!-- \/ Yoast SEO plugin. -->","yoast_head_json":{"title":"Impressum - Dakuglas","robots":{"index":"index","follow":"follow","max-snippet":"max-snippet:-1","max-image-preview":"max-image-preview:large","max-video-preview":"max-video-preview:-1"},"canonical":"https:\/\/dakuglas.ch\/index.php\/impressum\/","og_locale":"de_DE","og_type":"article","og_title":"Impressum - Dakuglas","og_description":"Verantwortlich f\u00fcr den Inhalt Daniel K\u00fcngSeftigenstr. 119B3123 Belp info@dakuglas.ch Webdesign vomweb &#8211; Markus Vogt info@vomweb.ch Copyright Das Copyright f\u00fcr s\u00e4mtliche Inhalte dieser Website liegt bei Dakuglas.\u00a0 \u00a0 Haftungsausschluss \/ Disclaimer Haftung f\u00fcr InhalteAls Betreiber der Seiten sind wir f\u00fcr eigene Inhalte nach den allgemeinen Gesetzen verantwortlich. Die Inhalte der Seiten wurden mit gr\u00f6sster Sorgfalt erstellt. [&hellip;]","og_url":"https:\/\/dakuglas.ch\/index.php\/impressum\/","og_site_name":"Dakuglas","article_modified_time":"2025-02-16T10:38:46+00:00","twitter_card":"summary_large_image","twitter_misc":{"Est. reading time":"1\u00a0Minute"},"schema":{"@context":"https:\/\/schema.org","@graph":[{"@type":"Organization","@id":"https:\/\/dakuglas.ch\/#organization","name":"Dakuglas, Daniel K\u00fcng, Belp","url":"https:\/\/dakuglas.ch\/","sameAs":[],"logo":{"@type":"ImageObject","@id":"https:\/\/dakuglas.ch\/#logo","inLanguage":"de-CH","url":"https:\/\/dakuglas.ch\/wp-content\/uploads\/2020\/02\/dakuglas_logo_09.png","contentUrl":"https:\/\/dakuglas.ch\/wp-content\/uploads\/2020\/02\/dakuglas_logo_09.png","width":750,"height":150,"caption":"Dakuglas, Daniel K\u00fcng, Belp"},"image":{"@id":"https:\/\/dakuglas.ch\/#logo"}},{"@type":"WebSite","@id":"https:\/\/dakuglas.ch\/#website","url":"https:\/\/dakuglas.ch\/","name":"Dakuglas","description":"Mosaike Daniel K\u00fcng, Belp","publisher":{"@id":"https:\/\/dakuglas.ch\/#organization"},"potentialAction":[{"@type":"SearchAction","target":{"@type":"EntryPoint","urlTemplate":"https:\/\/dakuglas.ch\/?s={search_term_string}"},"query-input":"required name=search_term_string"}],"inLanguage":"de-CH"},{"@type":"WebPage","@id":"https:\/\/dakuglas.ch\/index.php\/impressum\/#webpage","url":"https:\/\/dakuglas.ch\/index.php\/impressum\/","name":"Impressum - Dakuglas","isPartOf":{"@id":"https:\/\/dakuglas.ch\/#website"},"datePublished":"2020-02-04T23:41:58+00:00","dateModified":"2025-02-16T10:38:46+00:00","breadcrumb":{"@id":"https:\/\/dakuglas.ch\/index.php\/impressum\/#breadcrumb"},"inLanguage":"de-CH","potentialAction":[{"@type":"ReadAction","target":["https:\/\/dakuglas.ch\/index.php\/impressum\/"]}]},{"@type":"BreadcrumbList","@id":"https:\/\/dakuglas.ch\/index.php\/impressum\/#breadcrumb","itemListElement":[{"@type":"ListItem","position":1,"name":"Home","item":"https:\/\/dakuglas.ch\/"},{"@type":"ListItem","position":2,"name":"Impressum"}]}]}},"_links":{"self":[{"href":"https:\/\/dakuglas.ch\/index.php\/wp-json\/wp\/v2\/pages\/23","targetHints":{"allow":["GET"]}}],"collection":[{"href":"https:\/\/dakuglas.ch\/index.php\/wp-json\/wp\/v2\/pages"}],"about":[{"href":"https:\/\/dakuglas.ch\/index.php\/wp-json\/wp\/v2\/types\/page"}],"author":[{"embeddable":true,"href":"https:\/\/dakuglas.ch\/index.php\/wp-json\/wp\/v2\/users\/1"}],"replies":[{"embeddable":true,"href":"https:\/\/dakuglas.ch\/index.php\/wp-json\/wp\/v2\/comments?post=23"}],"version-history":[{"count":16,"href":"https:\/\/dakuglas.ch\/index.php\/wp-json\/wp\/v2\/pages\/23\/revisions"}],"predecessor-version":[{"id":319,"href":"https:\/\/dakuglas.ch\/index.php\/wp-json\/wp\/v2\/pages\/23\/revisions\/319"}],"wp:attachment":[{"href":"https:\/\/dakuglas.ch\/index.php\/wp-json\/wp\/v2\/media?parent=23"}],"curies":[{"name":"wp","href":"https:\/\/api.w.org\/{rel}","templated":true}]}}