{"id":21,"date":"2020-02-05T00:41:49","date_gmt":"2020-02-04T23:41:49","guid":{"rendered":"http:\/\/dakuglas.ch\/?page_id=21"},"modified":"2025-08-13T12:06:51","modified_gmt":"2025-08-13T10:06:51","slug":"ueber-mich","status":"publish","type":"page","link":"https:\/\/dakuglas.ch\/index.php\/ueber-mich\/","title":{"rendered":"\u00dcber mich"},"content":{"rendered":"<h4>Daniel K\u00fcng<\/h4>\n<p>Ich bin ein begeisterter Lokf\u00fchrer im Ruhestand, der sich in kreativ entfaltet. War ich im Beruf auf klar definierte Bahnen festgelegt, kann ich diese in meinem Hobby nun verlassen und auch ungewohnte Wege beschreiten.<\/p>\n<p>In meinem Bastelraum kann ich mich entspannen. Gute Musik und sch\u00f6ne Steine helfen mir dabei.<\/p>\n<p>\t\t\t\t\t\t\t\t\t\t\t\t\t\t\t<img fetchpriority=\"high\" decoding=\"async\" width=\"300\" height=\"246\" src=\"https:\/\/dakuglas.ch\/wp-content\/uploads\/2020\/02\/daniel_02_20-300x246.jpg\" alt=\"\" srcset=\"https:\/\/dakuglas.ch\/wp-content\/uploads\/2020\/02\/daniel_02_20-300x246.jpg 300w, https:\/\/dakuglas.ch\/wp-content\/uploads\/2020\/02\/daniel_02_20.jpg 600w\" sizes=\"(max-width: 300px) 100vw, 300px\" \/><br \/>\n\t\t\t\t\t\t\t\t\t\t\t\t\t\t\t<img decoding=\"async\" width=\"300\" height=\"291\" src=\"https:\/\/dakuglas.ch\/wp-content\/uploads\/2020\/02\/IMG_0430-300x291.jpg\" alt=\"\" srcset=\"https:\/\/dakuglas.ch\/wp-content\/uploads\/2020\/02\/IMG_0430-300x291.jpg 300w, https:\/\/dakuglas.ch\/wp-content\/uploads\/2020\/02\/IMG_0430.jpg 600w\" sizes=\"(max-width: 300px) 100vw, 300px\" \/><br \/>\n\t\t\t\t\t\t\t\t\t\t\t\t\t\t\t<img decoding=\"async\" width=\"300\" height=\"256\" src=\"https:\/\/dakuglas.ch\/wp-content\/uploads\/2020\/02\/IMG_0440-300x256.jpg\" alt=\"\" srcset=\"https:\/\/dakuglas.ch\/wp-content\/uploads\/2020\/02\/IMG_0440-300x256.jpg 300w, https:\/\/dakuglas.ch\/wp-content\/uploads\/2020\/02\/IMG_0440.jpg 600w\" sizes=\"(max-width: 300px) 100vw, 300px\" \/><br \/>\n\t\t\t\t\t\t\t\t\t\t\t\t\t\t\t<img loading=\"lazy\" decoding=\"async\" width=\"300\" height=\"250\" src=\"https:\/\/dakuglas.ch\/wp-content\/uploads\/2020\/02\/IMG_0445-300x250.jpg\" alt=\"\" srcset=\"https:\/\/dakuglas.ch\/wp-content\/uploads\/2020\/02\/IMG_0445-300x250.jpg 300w, https:\/\/dakuglas.ch\/wp-content\/uploads\/2020\/02\/IMG_0445.jpg 606w\" sizes=\"(max-width: 300px) 100vw, 300px\" \/><\/p>\n","protected":false},"excerpt":{"rendered":"<p>Daniel K\u00fcng Ich bin ein begeisterter Lokf\u00fchrer im Ruhestand, der sich in kreativ entfaltet. War ich im Beruf auf klar definierte Bahnen festgelegt, kann ich diese in meinem Hobby nun verlassen und auch ungewohnte Wege beschreiten. In meinem Bastelraum kann ich mich entspannen. Gute Musik und sch\u00f6ne Steine helfen mir dabei.<\/p>\n","protected":false},"author":1,"featured_media":0,"parent":0,"menu_order":0,"comment_status":"closed","ping_status":"closed","template":"","meta":{"ocean_post_layout":"full-width","ocean_both_sidebars_style":"","ocean_both_sidebars_content_width":0,"ocean_both_sidebars_sidebars_width":0,"ocean_sidebar":"0","ocean_second_sidebar":"0","ocean_disable_margins":"enable","ocean_add_body_class":"","ocean_shortcode_before_top_bar":"","ocean_shortcode_after_top_bar":"","ocean_shortcode_before_header":"","ocean_shortcode_after_header":"","ocean_has_shortcode":"","ocean_shortcode_after_title":"","ocean_shortcode_before_footer_widgets":"","ocean_shortcode_after_footer_widgets":"","ocean_shortcode_before_footer_bottom":"","ocean_shortcode_after_footer_bottom":"","ocean_display_top_bar":"default","ocean_display_header":"default","ocean_header_style":"","ocean_center_header_left_menu":"0","ocean_custom_header_template":"0","ocean_custom_logo":0,"ocean_custom_retina_logo":0,"ocean_custom_logo_max_width":0,"ocean_custom_logo_tablet_max_width":0,"ocean_custom_logo_mobile_max_width":0,"ocean_custom_logo_max_height":0,"ocean_custom_logo_tablet_max_height":0,"ocean_custom_logo_mobile_max_height":0,"ocean_header_custom_menu":"0","ocean_menu_typo_font_family":"0","ocean_menu_typo_font_subset":"","ocean_menu_typo_font_size":0,"ocean_menu_typo_font_size_tablet":0,"ocean_menu_typo_font_size_mobile":0,"ocean_menu_typo_font_size_unit":"px","ocean_menu_typo_font_weight":"","ocean_menu_typo_font_weight_tablet":"","ocean_menu_typo_font_weight_mobile":"","ocean_menu_typo_transform":"","ocean_menu_typo_transform_tablet":"","ocean_menu_typo_transform_mobile":"","ocean_menu_typo_line_height":0,"ocean_menu_typo_line_height_tablet":0,"ocean_menu_typo_line_height_mobile":0,"ocean_menu_typo_line_height_unit":"","ocean_menu_typo_spacing":0,"ocean_menu_typo_spacing_tablet":0,"ocean_menu_typo_spacing_mobile":0,"ocean_menu_typo_spacing_unit":"","ocean_menu_link_color":"","ocean_menu_link_color_hover":"","ocean_menu_link_color_active":"","ocean_menu_link_background":"","ocean_menu_link_hover_background":"","ocean_menu_link_active_background":"","ocean_menu_social_links_bg":"","ocean_menu_social_hover_links_bg":"","ocean_menu_social_links_color":"","ocean_menu_social_hover_links_color":"","ocean_disable_title":"default","ocean_disable_heading":"default","ocean_post_title":"","ocean_post_subheading":"","ocean_post_title_style":"","ocean_post_title_background_color":"","ocean_post_title_background":0,"ocean_post_title_bg_image_position":"","ocean_post_title_bg_image_attachment":"","ocean_post_title_bg_image_repeat":"","ocean_post_title_bg_image_size":"","ocean_post_title_height":0,"ocean_post_title_bg_overlay":0.5,"ocean_post_title_bg_overlay_color":"","ocean_disable_breadcrumbs":"default","ocean_breadcrumbs_color":"","ocean_breadcrumbs_separator_color":"","ocean_breadcrumbs_links_color":"","ocean_breadcrumbs_links_hover_color":"","ocean_display_footer_widgets":"default","ocean_display_footer_bottom":"default","ocean_custom_footer_template":"0","footnotes":""},"class_list":["post-21","page","type-page","status-publish","hentry","entry"],"yoast_head":"<!-- This site is optimized with the Yoast SEO plugin v18.4.1 - https:\/\/yoast.com\/wordpress\/plugins\/seo\/ -->\n<title>\u00dcber mich - Dakuglas<\/title>\n<meta name=\"robots\" content=\"index, follow, max-snippet:-1, max-image-preview:large, max-video-preview:-1\" \/>\n<link rel=\"canonical\" href=\"https:\/\/dakuglas.ch\/index.php\/ueber-mich\/\" \/>\n<meta property=\"og:locale\" content=\"de_DE\" \/>\n<meta property=\"og:type\" content=\"article\" \/>\n<meta property=\"og:title\" content=\"\u00dcber mich - Dakuglas\" \/>\n<meta property=\"og:description\" content=\"Daniel K\u00fcng Ich bin ein begeisterter Lokf\u00fchrer im Ruhestand, der sich in kreativ entfaltet. War ich im Beruf auf klar definierte Bahnen festgelegt, kann ich diese in meinem Hobby nun verlassen und auch ungewohnte Wege beschreiten. In meinem Bastelraum kann ich mich entspannen. Gute Musik und sch\u00f6ne Steine helfen mir dabei.\" \/>\n<meta property=\"og:url\" content=\"https:\/\/dakuglas.ch\/index.php\/ueber-mich\/\" \/>\n<meta property=\"og:site_name\" content=\"Dakuglas\" \/>\n<meta property=\"article:modified_time\" content=\"2025-08-13T10:06:51+00:00\" \/>\n<meta property=\"og:image\" content=\"https:\/\/dakuglas.ch\/wp-content\/uploads\/2020\/02\/daniel_02_20-300x246.jpg\" \/>\n<meta name=\"twitter:card\" content=\"summary_large_image\" \/>\n<script type=\"application\/ld+json\" class=\"yoast-schema-graph\">{\"@context\":\"https:\/\/schema.org\",\"@graph\":[{\"@type\":\"Organization\",\"@id\":\"https:\/\/dakuglas.ch\/#organization\",\"name\":\"Dakuglas, Daniel K\u00fcng, Belp\",\"url\":\"https:\/\/dakuglas.ch\/\",\"sameAs\":[],\"logo\":{\"@type\":\"ImageObject\",\"@id\":\"https:\/\/dakuglas.ch\/#logo\",\"inLanguage\":\"de-CH\",\"url\":\"https:\/\/dakuglas.ch\/wp-content\/uploads\/2020\/02\/dakuglas_logo_09.png\",\"contentUrl\":\"https:\/\/dakuglas.ch\/wp-content\/uploads\/2020\/02\/dakuglas_logo_09.png\",\"width\":750,\"height\":150,\"caption\":\"Dakuglas, Daniel K\u00fcng, Belp\"},\"image\":{\"@id\":\"https:\/\/dakuglas.ch\/#logo\"}},{\"@type\":\"WebSite\",\"@id\":\"https:\/\/dakuglas.ch\/#website\",\"url\":\"https:\/\/dakuglas.ch\/\",\"name\":\"Dakuglas\",\"description\":\"Mosaike Daniel K\u00fcng, Belp\",\"publisher\":{\"@id\":\"https:\/\/dakuglas.ch\/#organization\"},\"potentialAction\":[{\"@type\":\"SearchAction\",\"target\":{\"@type\":\"EntryPoint\",\"urlTemplate\":\"https:\/\/dakuglas.ch\/?s={search_term_string}\"},\"query-input\":\"required name=search_term_string\"}],\"inLanguage\":\"de-CH\"},{\"@type\":\"ImageObject\",\"@id\":\"https:\/\/dakuglas.ch\/index.php\/ueber-mich\/#primaryimage\",\"inLanguage\":\"de-CH\",\"url\":\"https:\/\/dakuglas.ch\/wp-content\/uploads\/2020\/02\/daniel_02_20.jpg\",\"contentUrl\":\"https:\/\/dakuglas.ch\/wp-content\/uploads\/2020\/02\/daniel_02_20.jpg\",\"width\":600,\"height\":492},{\"@type\":\"WebPage\",\"@id\":\"https:\/\/dakuglas.ch\/index.php\/ueber-mich\/#webpage\",\"url\":\"https:\/\/dakuglas.ch\/index.php\/ueber-mich\/\",\"name\":\"\u00dcber mich - Dakuglas\",\"isPartOf\":{\"@id\":\"https:\/\/dakuglas.ch\/#website\"},\"primaryImageOfPage\":{\"@id\":\"https:\/\/dakuglas.ch\/index.php\/ueber-mich\/#primaryimage\"},\"datePublished\":\"2020-02-04T23:41:49+00:00\",\"dateModified\":\"2025-08-13T10:06:51+00:00\",\"breadcrumb\":{\"@id\":\"https:\/\/dakuglas.ch\/index.php\/ueber-mich\/#breadcrumb\"},\"inLanguage\":\"de-CH\",\"potentialAction\":[{\"@type\":\"ReadAction\",\"target\":[\"https:\/\/dakuglas.ch\/index.php\/ueber-mich\/\"]}]},{\"@type\":\"BreadcrumbList\",\"@id\":\"https:\/\/dakuglas.ch\/index.php\/ueber-mich\/#breadcrumb\",\"itemListElement\":[{\"@type\":\"ListItem\",\"position\":1,\"name\":\"Home\",\"item\":\"https:\/\/dakuglas.ch\/\"},{\"@type\":\"ListItem\",\"position\":2,\"name\":\"\u00dcber mich\"}]}]}<\/script>\n<!-- \/ Yoast SEO plugin. -->","yoast_head_json":{"title":"\u00dcber mich - Dakuglas","robots":{"index":"index","follow":"follow","max-snippet":"max-snippet:-1","max-image-preview":"max-image-preview:large","max-video-preview":"max-video-preview:-1"},"canonical":"https:\/\/dakuglas.ch\/index.php\/ueber-mich\/","og_locale":"de_DE","og_type":"article","og_title":"\u00dcber mich - Dakuglas","og_description":"Daniel K\u00fcng Ich bin ein begeisterter Lokf\u00fchrer im Ruhestand, der sich in kreativ entfaltet. War ich im Beruf auf klar definierte Bahnen festgelegt, kann ich diese in meinem Hobby nun verlassen und auch ungewohnte Wege beschreiten. In meinem Bastelraum kann ich mich entspannen. Gute Musik und sch\u00f6ne Steine helfen mir dabei.","og_url":"https:\/\/dakuglas.ch\/index.php\/ueber-mich\/","og_site_name":"Dakuglas","article_modified_time":"2025-08-13T10:06:51+00:00","og_image":[{"url":"https:\/\/dakuglas.ch\/wp-content\/uploads\/2020\/02\/daniel_02_20-300x246.jpg"}],"twitter_card":"summary_large_image","schema":{"@context":"https:\/\/schema.org","@graph":[{"@type":"Organization","@id":"https:\/\/dakuglas.ch\/#organization","name":"Dakuglas, Daniel K\u00fcng, Belp","url":"https:\/\/dakuglas.ch\/","sameAs":[],"logo":{"@type":"ImageObject","@id":"https:\/\/dakuglas.ch\/#logo","inLanguage":"de-CH","url":"https:\/\/dakuglas.ch\/wp-content\/uploads\/2020\/02\/dakuglas_logo_09.png","contentUrl":"https:\/\/dakuglas.ch\/wp-content\/uploads\/2020\/02\/dakuglas_logo_09.png","width":750,"height":150,"caption":"Dakuglas, Daniel K\u00fcng, Belp"},"image":{"@id":"https:\/\/dakuglas.ch\/#logo"}},{"@type":"WebSite","@id":"https:\/\/dakuglas.ch\/#website","url":"https:\/\/dakuglas.ch\/","name":"Dakuglas","description":"Mosaike Daniel K\u00fcng, Belp","publisher":{"@id":"https:\/\/dakuglas.ch\/#organization"},"potentialAction":[{"@type":"SearchAction","target":{"@type":"EntryPoint","urlTemplate":"https:\/\/dakuglas.ch\/?s={search_term_string}"},"query-input":"required name=search_term_string"}],"inLanguage":"de-CH"},{"@type":"ImageObject","@id":"https:\/\/dakuglas.ch\/index.php\/ueber-mich\/#primaryimage","inLanguage":"de-CH","url":"https:\/\/dakuglas.ch\/wp-content\/uploads\/2020\/02\/daniel_02_20.jpg","contentUrl":"https:\/\/dakuglas.ch\/wp-content\/uploads\/2020\/02\/daniel_02_20.jpg","width":600,"height":492},{"@type":"WebPage","@id":"https:\/\/dakuglas.ch\/index.php\/ueber-mich\/#webpage","url":"https:\/\/dakuglas.ch\/index.php\/ueber-mich\/","name":"\u00dcber mich - Dakuglas","isPartOf":{"@id":"https:\/\/dakuglas.ch\/#website"},"primaryImageOfPage":{"@id":"https:\/\/dakuglas.ch\/index.php\/ueber-mich\/#primaryimage"},"datePublished":"2020-02-04T23:41:49+00:00","dateModified":"2025-08-13T10:06:51+00:00","breadcrumb":{"@id":"https:\/\/dakuglas.ch\/index.php\/ueber-mich\/#breadcrumb"},"inLanguage":"de-CH","potentialAction":[{"@type":"ReadAction","target":["https:\/\/dakuglas.ch\/index.php\/ueber-mich\/"]}]},{"@type":"BreadcrumbList","@id":"https:\/\/dakuglas.ch\/index.php\/ueber-mich\/#breadcrumb","itemListElement":[{"@type":"ListItem","position":1,"name":"Home","item":"https:\/\/dakuglas.ch\/"},{"@type":"ListItem","position":2,"name":"\u00dcber mich"}]}]}},"_links":{"self":[{"href":"https:\/\/dakuglas.ch\/index.php\/wp-json\/wp\/v2\/pages\/21","targetHints":{"allow":["GET"]}}],"collection":[{"href":"https:\/\/dakuglas.ch\/index.php\/wp-json\/wp\/v2\/pages"}],"about":[{"href":"https:\/\/dakuglas.ch\/index.php\/wp-json\/wp\/v2\/types\/page"}],"author":[{"embeddable":true,"href":"https:\/\/dakuglas.ch\/index.php\/wp-json\/wp\/v2\/users\/1"}],"replies":[{"embeddable":true,"href":"https:\/\/dakuglas.ch\/index.php\/wp-json\/wp\/v2\/comments?post=21"}],"version-history":[{"count":6,"href":"https:\/\/dakuglas.ch\/index.php\/wp-json\/wp\/v2\/pages\/21\/revisions"}],"predecessor-version":[{"id":323,"href":"https:\/\/dakuglas.ch\/index.php\/wp-json\/wp\/v2\/pages\/21\/revisions\/323"}],"wp:attachment":[{"href":"https:\/\/dakuglas.ch\/index.php\/wp-json\/wp\/v2\/media?parent=21"}],"curies":[{"name":"wp","href":"https:\/\/api.w.org\/{rel}","templated":true}]}}