{"id":17,"date":"2020-02-05T00:41:25","date_gmt":"2020-02-04T23:41:25","guid":{"rendered":"http:\/\/dakuglas.ch\/?page_id=17"},"modified":"2020-02-07T18:05:30","modified_gmt":"2020-02-07T17:05:30","slug":"preise","status":"publish","type":"page","link":"https:\/\/dakuglas.ch\/index.php\/preise\/","title":{"rendered":"Preise"},"content":{"rendered":"\t\t<div data-elementor-type=\"wp-page\" data-elementor-id=\"17\" class=\"elementor elementor-17\">\n\t\t\t\t\t\t<section class=\"elementor-section elementor-top-section elementor-element elementor-element-f61b40f elementor-section-boxed elementor-section-height-default elementor-section-height-default\" data-id=\"f61b40f\" data-element_type=\"section\" data-e-type=\"section\">\n\t\t\t\t\t\t<div class=\"elementor-container elementor-column-gap-default\">\n\t\t\t\t\t<div class=\"elementor-column elementor-col-100 elementor-top-column elementor-element elementor-element-76611a6\" data-id=\"76611a6\" data-element_type=\"column\" data-e-type=\"column\">\n\t\t\t<div class=\"elementor-widget-wrap elementor-element-populated\">\n\t\t\t\t\t\t<section class=\"elementor-section elementor-inner-section elementor-element elementor-element-00ea655 elementor-section-boxed elementor-section-height-default elementor-section-height-default\" data-id=\"00ea655\" data-element_type=\"section\" data-e-type=\"section\">\n\t\t\t\t\t\t<div class=\"elementor-container elementor-column-gap-default\">\n\t\t\t\t\t<div class=\"elementor-column elementor-col-50 elementor-inner-column elementor-element elementor-element-5361560\" data-id=\"5361560\" data-element_type=\"column\" data-e-type=\"column\">\n\t\t\t<div class=\"elementor-widget-wrap elementor-element-populated\">\n\t\t\t\t\t\t<div class=\"elementor-element elementor-element-a92b1a4 elementor-widget elementor-widget-text-editor\" data-id=\"a92b1a4\" data-element_type=\"widget\" data-e-type=\"widget\" data-widget_type=\"text-editor.default\">\n\t\t\t\t<div class=\"elementor-widget-container\">\n\t\t\t\t\t\t\t\t\t<p>Je nach Komplexit\u00e4t eines Sujets kann der Aufwand f\u00fcr die Herstellung eines Mosaikes sehr unterschiedlich sein. Generell handelt es sich bei meinen Angeboten nicht um Discountpreise. Preise werden vor Auftragsannahme anhand vorgelegter Entw\u00fcrfe in Absprache mit dem Kunden verbindlich festgelegt.<\/p><p>Die Preisspanne f\u00fcr ein normales Mosaik auf Betonplatte reicht von wenigen hundert Franken f\u00fcr ein einfaches zweifarbiges Sujet bis zu mehreren tausend Franken f\u00fcr komplexere Arbeiten.<\/p><p>Allf\u00e4llige Aufw\u00e4nde f\u00fcr die Erstellung von Entw\u00fcrfen w\u00fcrden separat in Rechnung gestellt.<\/p><p><span style=\"text-decoration: underline;\"><a href=\"http:\/\/dakuglas.ch\/index.php\/kontaktformular\/\">Kontaktieren Sie mich f\u00fcr eine unverbindliche Richtofferte<\/a>.<\/span><\/p>\t\t\t\t\t\t\t\t<\/div>\n\t\t\t\t<\/div>\n\t\t\t\t\t<\/div>\n\t\t<\/div>\n\t\t\t\t<div class=\"elementor-column elementor-col-50 elementor-inner-column elementor-element elementor-element-fc90a9e\" data-id=\"fc90a9e\" data-element_type=\"column\" data-e-type=\"column\">\n\t\t\t<div class=\"elementor-widget-wrap elementor-element-populated\">\n\t\t\t\t\t\t<div class=\"elementor-element elementor-element-3a7bd85 elementor-widget elementor-widget-image\" data-id=\"3a7bd85\" data-element_type=\"widget\" data-e-type=\"widget\" data-widget_type=\"image.default\">\n\t\t\t\t<div class=\"elementor-widget-container\">\n\t\t\t\t\t\t\t\t\t\t\t\t\t\t\t<img fetchpriority=\"high\" decoding=\"async\" width=\"250\" height=\"600\" src=\"https:\/\/dakuglas.ch\/wp-content\/uploads\/2020\/02\/IMG_0207_a.jpg\" class=\"attachment-large size-large wp-image-151\" alt=\"\" srcset=\"https:\/\/dakuglas.ch\/wp-content\/uploads\/2020\/02\/IMG_0207_a.jpg 250w, https:\/\/dakuglas.ch\/wp-content\/uploads\/2020\/02\/IMG_0207_a-125x300.jpg 125w\" sizes=\"(max-width: 250px) 100vw, 250px\" \/>\t\t\t\t\t\t\t\t\t\t\t\t\t\t\t<\/div>\n\t\t\t\t<\/div>\n\t\t\t\t\t<\/div>\n\t\t<\/div>\n\t\t\t\t\t<\/div>\n\t\t<\/section>\n\t\t\t\t\t<\/div>\n\t\t<\/div>\n\t\t\t\t\t<\/div>\n\t\t<\/section>\n\t\t\t\t<\/div>\n\t\t","protected":false},"excerpt":{"rendered":"<p>Je nach Komplexit\u00e4t eines Sujets kann der Aufwand f\u00fcr die Herstellung eines Mosaikes sehr unterschiedlich sein. Generell handelt es sich bei meinen Angeboten nicht um Discountpreise. Preise werden vor Auftragsannahme anhand vorgelegter Entw\u00fcrfe in Absprache mit dem Kunden verbindlich festgelegt. Die Preisspanne f\u00fcr ein normales Mosaik auf Betonplatte reicht von wenigen hundert Franken f\u00fcr ein [&hellip;]<\/p>\n","protected":false},"author":1,"featured_media":0,"parent":0,"menu_order":0,"comment_status":"closed","ping_status":"closed","template":"","meta":{"ocean_post_layout":"full-width","ocean_both_sidebars_style":"","ocean_both_sidebars_content_width":0,"ocean_both_sidebars_sidebars_width":0,"ocean_sidebar":"0","ocean_second_sidebar":"0","ocean_disable_margins":"enable","ocean_add_body_class":"","ocean_shortcode_before_top_bar":"","ocean_shortcode_after_top_bar":"","ocean_shortcode_before_header":"","ocean_shortcode_after_header":"","ocean_has_shortcode":"","ocean_shortcode_after_title":"","ocean_shortcode_before_footer_widgets":"","ocean_shortcode_after_footer_widgets":"","ocean_shortcode_before_footer_bottom":"","ocean_shortcode_after_footer_bottom":"","ocean_display_top_bar":"default","ocean_display_header":"default","ocean_header_style":"","ocean_center_header_left_menu":"0","ocean_custom_header_template":"0","ocean_custom_logo":0,"ocean_custom_retina_logo":0,"ocean_custom_logo_max_width":0,"ocean_custom_logo_tablet_max_width":0,"ocean_custom_logo_mobile_max_width":0,"ocean_custom_logo_max_height":0,"ocean_custom_logo_tablet_max_height":0,"ocean_custom_logo_mobile_max_height":0,"ocean_header_custom_menu":"0","ocean_menu_typo_font_family":"0","ocean_menu_typo_font_subset":"","ocean_menu_typo_font_size":0,"ocean_menu_typo_font_size_tablet":0,"ocean_menu_typo_font_size_mobile":0,"ocean_menu_typo_font_size_unit":"px","ocean_menu_typo_font_weight":"","ocean_menu_typo_font_weight_tablet":"","ocean_menu_typo_font_weight_mobile":"","ocean_menu_typo_transform":"","ocean_menu_typo_transform_tablet":"","ocean_menu_typo_transform_mobile":"","ocean_menu_typo_line_height":0,"ocean_menu_typo_line_height_tablet":0,"ocean_menu_typo_line_height_mobile":0,"ocean_menu_typo_line_height_unit":"","ocean_menu_typo_spacing":0,"ocean_menu_typo_spacing_tablet":0,"ocean_menu_typo_spacing_mobile":0,"ocean_menu_typo_spacing_unit":"","ocean_menu_link_color":"","ocean_menu_link_color_hover":"","ocean_menu_link_color_active":"","ocean_menu_link_background":"","ocean_menu_link_hover_background":"","ocean_menu_link_active_background":"","ocean_menu_social_links_bg":"","ocean_menu_social_hover_links_bg":"","ocean_menu_social_links_color":"","ocean_menu_social_hover_links_color":"","ocean_disable_title":"default","ocean_disable_heading":"default","ocean_post_title":"","ocean_post_subheading":"","ocean_post_title_style":"","ocean_post_title_background_color":"","ocean_post_title_background":0,"ocean_post_title_bg_image_position":"","ocean_post_title_bg_image_attachment":"","ocean_post_title_bg_image_repeat":"","ocean_post_title_bg_image_size":"","ocean_post_title_height":0,"ocean_post_title_bg_overlay":0.5,"ocean_post_title_bg_overlay_color":"","ocean_disable_breadcrumbs":"default","ocean_breadcrumbs_color":"","ocean_breadcrumbs_separator_color":"","ocean_breadcrumbs_links_color":"","ocean_breadcrumbs_links_hover_color":"","ocean_display_footer_widgets":"default","ocean_display_footer_bottom":"default","ocean_custom_footer_template":"0","footnotes":""},"class_list":["post-17","page","type-page","status-publish","hentry","entry"],"yoast_head":"<!-- This site is optimized with the Yoast SEO plugin v18.4.1 - https:\/\/yoast.com\/wordpress\/plugins\/seo\/ -->\n<title>Preise - Dakuglas<\/title>\n<meta name=\"robots\" content=\"index, follow, max-snippet:-1, max-image-preview:large, max-video-preview:-1\" \/>\n<link rel=\"canonical\" href=\"https:\/\/dakuglas.ch\/index.php\/preise\/\" \/>\n<meta property=\"og:locale\" content=\"de_DE\" \/>\n<meta property=\"og:type\" content=\"article\" \/>\n<meta property=\"og:title\" content=\"Preise - Dakuglas\" \/>\n<meta property=\"og:description\" content=\"Je nach Komplexit\u00e4t eines Sujets kann der Aufwand f\u00fcr die Herstellung eines Mosaikes sehr unterschiedlich sein. Generell handelt es sich bei meinen Angeboten nicht um Discountpreise. Preise werden vor Auftragsannahme anhand vorgelegter Entw\u00fcrfe in Absprache mit dem Kunden verbindlich festgelegt. Die Preisspanne f\u00fcr ein normales Mosaik auf Betonplatte reicht von wenigen hundert Franken f\u00fcr ein [&hellip;]\" \/>\n<meta property=\"og:url\" content=\"https:\/\/dakuglas.ch\/index.php\/preise\/\" \/>\n<meta property=\"og:site_name\" content=\"Dakuglas\" \/>\n<meta property=\"article:modified_time\" content=\"2020-02-07T17:05:30+00:00\" \/>\n<meta property=\"og:image\" content=\"http:\/\/dakuglas.ch\/wp-content\/uploads\/2020\/02\/IMG_0207_a.jpg\" \/>\n<meta name=\"twitter:card\" content=\"summary_large_image\" \/>\n<script type=\"application\/ld+json\" class=\"yoast-schema-graph\">{\"@context\":\"https:\/\/schema.org\",\"@graph\":[{\"@type\":\"Organization\",\"@id\":\"https:\/\/dakuglas.ch\/#organization\",\"name\":\"Dakuglas, Daniel K\u00fcng, Belp\",\"url\":\"https:\/\/dakuglas.ch\/\",\"sameAs\":[],\"logo\":{\"@type\":\"ImageObject\",\"@id\":\"https:\/\/dakuglas.ch\/#logo\",\"inLanguage\":\"de-CH\",\"url\":\"https:\/\/dakuglas.ch\/wp-content\/uploads\/2020\/02\/dakuglas_logo_09.png\",\"contentUrl\":\"https:\/\/dakuglas.ch\/wp-content\/uploads\/2020\/02\/dakuglas_logo_09.png\",\"width\":750,\"height\":150,\"caption\":\"Dakuglas, Daniel K\u00fcng, Belp\"},\"image\":{\"@id\":\"https:\/\/dakuglas.ch\/#logo\"}},{\"@type\":\"WebSite\",\"@id\":\"https:\/\/dakuglas.ch\/#website\",\"url\":\"https:\/\/dakuglas.ch\/\",\"name\":\"Dakuglas\",\"description\":\"Mosaike Daniel K\u00fcng, Belp\",\"publisher\":{\"@id\":\"https:\/\/dakuglas.ch\/#organization\"},\"potentialAction\":[{\"@type\":\"SearchAction\",\"target\":{\"@type\":\"EntryPoint\",\"urlTemplate\":\"https:\/\/dakuglas.ch\/?s={search_term_string}\"},\"query-input\":\"required name=search_term_string\"}],\"inLanguage\":\"de-CH\"},{\"@type\":\"ImageObject\",\"@id\":\"https:\/\/dakuglas.ch\/index.php\/preise\/#primaryimage\",\"inLanguage\":\"de-CH\",\"url\":\"http:\/\/dakuglas.ch\/wp-content\/uploads\/2020\/02\/IMG_0207_a.jpg\",\"contentUrl\":\"http:\/\/dakuglas.ch\/wp-content\/uploads\/2020\/02\/IMG_0207_a.jpg\"},{\"@type\":\"WebPage\",\"@id\":\"https:\/\/dakuglas.ch\/index.php\/preise\/#webpage\",\"url\":\"https:\/\/dakuglas.ch\/index.php\/preise\/\",\"name\":\"Preise - Dakuglas\",\"isPartOf\":{\"@id\":\"https:\/\/dakuglas.ch\/#website\"},\"primaryImageOfPage\":{\"@id\":\"https:\/\/dakuglas.ch\/index.php\/preise\/#primaryimage\"},\"datePublished\":\"2020-02-04T23:41:25+00:00\",\"dateModified\":\"2020-02-07T17:05:30+00:00\",\"breadcrumb\":{\"@id\":\"https:\/\/dakuglas.ch\/index.php\/preise\/#breadcrumb\"},\"inLanguage\":\"de-CH\",\"potentialAction\":[{\"@type\":\"ReadAction\",\"target\":[\"https:\/\/dakuglas.ch\/index.php\/preise\/\"]}]},{\"@type\":\"BreadcrumbList\",\"@id\":\"https:\/\/dakuglas.ch\/index.php\/preise\/#breadcrumb\",\"itemListElement\":[{\"@type\":\"ListItem\",\"position\":1,\"name\":\"Home\",\"item\":\"https:\/\/dakuglas.ch\/\"},{\"@type\":\"ListItem\",\"position\":2,\"name\":\"Preise\"}]}]}<\/script>\n<!-- \/ Yoast SEO plugin. -->","yoast_head_json":{"title":"Preise - Dakuglas","robots":{"index":"index","follow":"follow","max-snippet":"max-snippet:-1","max-image-preview":"max-image-preview:large","max-video-preview":"max-video-preview:-1"},"canonical":"https:\/\/dakuglas.ch\/index.php\/preise\/","og_locale":"de_DE","og_type":"article","og_title":"Preise - Dakuglas","og_description":"Je nach Komplexit\u00e4t eines Sujets kann der Aufwand f\u00fcr die Herstellung eines Mosaikes sehr unterschiedlich sein. Generell handelt es sich bei meinen Angeboten nicht um Discountpreise. Preise werden vor Auftragsannahme anhand vorgelegter Entw\u00fcrfe in Absprache mit dem Kunden verbindlich festgelegt. Die Preisspanne f\u00fcr ein normales Mosaik auf Betonplatte reicht von wenigen hundert Franken f\u00fcr ein [&hellip;]","og_url":"https:\/\/dakuglas.ch\/index.php\/preise\/","og_site_name":"Dakuglas","article_modified_time":"2020-02-07T17:05:30+00:00","og_image":[{"url":"http:\/\/dakuglas.ch\/wp-content\/uploads\/2020\/02\/IMG_0207_a.jpg"}],"twitter_card":"summary_large_image","schema":{"@context":"https:\/\/schema.org","@graph":[{"@type":"Organization","@id":"https:\/\/dakuglas.ch\/#organization","name":"Dakuglas, Daniel K\u00fcng, Belp","url":"https:\/\/dakuglas.ch\/","sameAs":[],"logo":{"@type":"ImageObject","@id":"https:\/\/dakuglas.ch\/#logo","inLanguage":"de-CH","url":"https:\/\/dakuglas.ch\/wp-content\/uploads\/2020\/02\/dakuglas_logo_09.png","contentUrl":"https:\/\/dakuglas.ch\/wp-content\/uploads\/2020\/02\/dakuglas_logo_09.png","width":750,"height":150,"caption":"Dakuglas, Daniel K\u00fcng, Belp"},"image":{"@id":"https:\/\/dakuglas.ch\/#logo"}},{"@type":"WebSite","@id":"https:\/\/dakuglas.ch\/#website","url":"https:\/\/dakuglas.ch\/","name":"Dakuglas","description":"Mosaike Daniel K\u00fcng, Belp","publisher":{"@id":"https:\/\/dakuglas.ch\/#organization"},"potentialAction":[{"@type":"SearchAction","target":{"@type":"EntryPoint","urlTemplate":"https:\/\/dakuglas.ch\/?s={search_term_string}"},"query-input":"required name=search_term_string"}],"inLanguage":"de-CH"},{"@type":"ImageObject","@id":"https:\/\/dakuglas.ch\/index.php\/preise\/#primaryimage","inLanguage":"de-CH","url":"http:\/\/dakuglas.ch\/wp-content\/uploads\/2020\/02\/IMG_0207_a.jpg","contentUrl":"http:\/\/dakuglas.ch\/wp-content\/uploads\/2020\/02\/IMG_0207_a.jpg"},{"@type":"WebPage","@id":"https:\/\/dakuglas.ch\/index.php\/preise\/#webpage","url":"https:\/\/dakuglas.ch\/index.php\/preise\/","name":"Preise - Dakuglas","isPartOf":{"@id":"https:\/\/dakuglas.ch\/#website"},"primaryImageOfPage":{"@id":"https:\/\/dakuglas.ch\/index.php\/preise\/#primaryimage"},"datePublished":"2020-02-04T23:41:25+00:00","dateModified":"2020-02-07T17:05:30+00:00","breadcrumb":{"@id":"https:\/\/dakuglas.ch\/index.php\/preise\/#breadcrumb"},"inLanguage":"de-CH","potentialAction":[{"@type":"ReadAction","target":["https:\/\/dakuglas.ch\/index.php\/preise\/"]}]},{"@type":"BreadcrumbList","@id":"https:\/\/dakuglas.ch\/index.php\/preise\/#breadcrumb","itemListElement":[{"@type":"ListItem","position":1,"name":"Home","item":"https:\/\/dakuglas.ch\/"},{"@type":"ListItem","position":2,"name":"Preise"}]}]}},"_links":{"self":[{"href":"https:\/\/dakuglas.ch\/index.php\/wp-json\/wp\/v2\/pages\/17","targetHints":{"allow":["GET"]}}],"collection":[{"href":"https:\/\/dakuglas.ch\/index.php\/wp-json\/wp\/v2\/pages"}],"about":[{"href":"https:\/\/dakuglas.ch\/index.php\/wp-json\/wp\/v2\/types\/page"}],"author":[{"embeddable":true,"href":"https:\/\/dakuglas.ch\/index.php\/wp-json\/wp\/v2\/users\/1"}],"replies":[{"embeddable":true,"href":"https:\/\/dakuglas.ch\/index.php\/wp-json\/wp\/v2\/comments?post=17"}],"version-history":[{"count":4,"href":"https:\/\/dakuglas.ch\/index.php\/wp-json\/wp\/v2\/pages\/17\/revisions"}],"predecessor-version":[{"id":152,"href":"https:\/\/dakuglas.ch\/index.php\/wp-json\/wp\/v2\/pages\/17\/revisions\/152"}],"wp:attachment":[{"href":"https:\/\/dakuglas.ch\/index.php\/wp-json\/wp\/v2\/media?parent=17"}],"curies":[{"name":"wp","href":"https:\/\/api.w.org\/{rel}","templated":true}]}}