{"id":15,"date":"2020-02-05T00:41:02","date_gmt":"2020-02-04T23:41:02","guid":{"rendered":"http:\/\/dakuglas.ch\/?page_id=15"},"modified":"2025-08-14T14:50:23","modified_gmt":"2025-08-14T12:50:23","slug":"produkte","status":"publish","type":"page","link":"https:\/\/dakuglas.ch\/index.php\/produkte\/","title":{"rendered":"Produkte"},"content":{"rendered":"\t\t<div data-elementor-type=\"wp-page\" data-elementor-id=\"15\" class=\"elementor elementor-15\">\n\t\t\t\t\t\t<section class=\"elementor-section elementor-top-section elementor-element elementor-element-db1a478 elementor-section-boxed elementor-section-height-default elementor-section-height-default\" data-id=\"db1a478\" data-element_type=\"section\" data-e-type=\"section\">\n\t\t\t\t\t\t<div class=\"elementor-container elementor-column-gap-default\">\n\t\t\t\t\t<div class=\"elementor-column elementor-col-33 elementor-top-column elementor-element elementor-element-575205d\" data-id=\"575205d\" data-element_type=\"column\" data-e-type=\"column\">\n\t\t\t<div class=\"elementor-widget-wrap elementor-element-populated\">\n\t\t\t\t\t\t<div class=\"elementor-element elementor-element-af26938 elementor-vertical-align-top elementor-widget elementor-widget-image-box\" data-id=\"af26938\" data-element_type=\"widget\" data-e-type=\"widget\" data-widget_type=\"image-box.default\">\n\t\t\t\t<div class=\"elementor-widget-container\">\n\t\t\t\t\t<div class=\"elementor-image-box-wrapper\"><div class=\"elementor-image-box-content\"><h3 class=\"elementor-image-box-title\">Meine Produkte<\/h3><p class=\"elementor-image-box-description\">Ich stelle Mosaike auf der Basis von Betonplatten her. Die Oberfl\u00e4che besteht aus wetterfesten, begehbaren und dauerhaften Keramikmaterialien. Dabei k\u00f6nnen sowohl L\u00e4nder-, Kantons- oder Familienwappen wie auch andere Designs, beispielsweise Firmenlogos, bestellt werden. Designs m\u00fcssen angeliefert werden, entweder in Form von Skizzen mit Massangaben oder als Fotografien oder mit anderem Bildmaterial. \n\n\nEin Mosaik in der Gr\u00f6sse einer Gartenplatte so aufzubauen, dass es seinem Besitzer ein Leben lang Freude bereitet, ist ein ganz sch\u00f6nes St\u00fcck Arbeit. Da ich meine Mosaike in der Freizeit herstelle, entstehen Lieferfristen von mehreren Wochen bis Monaten.<\/p><\/div><\/div>\t\t\t\t<\/div>\n\t\t\t\t<\/div>\n\t\t\t\t<div class=\"elementor-element elementor-element-3416586 elementor-widget elementor-widget-text-editor\" data-id=\"3416586\" data-element_type=\"widget\" data-e-type=\"widget\" data-widget_type=\"text-editor.default\">\n\t\t\t\t<div class=\"elementor-widget-container\">\n\t\t\t\t\t\t\t\t\t<p>Heute bestellt, morgen geliefert gibts leider nicht bei mir. Alle Platten sind Einzelanfertigungen auf Kundenauftrag. Liefertermine werden bei Auftragserteilung unverbindlich festgelegt.<\/p>\t\t\t\t\t\t\t\t<\/div>\n\t\t\t\t<\/div>\n\t\t\t\t\t<\/div>\n\t\t<\/div>\n\t\t\t\t<div class=\"elementor-column elementor-col-33 elementor-top-column elementor-element elementor-element-7042fea\" data-id=\"7042fea\" data-element_type=\"column\" data-e-type=\"column\">\n\t\t\t<div class=\"elementor-widget-wrap elementor-element-populated\">\n\t\t\t\t\t\t<div class=\"elementor-element elementor-element-e30e158 elementor-widget elementor-widget-spacer\" data-id=\"e30e158\" data-element_type=\"widget\" data-e-type=\"widget\" data-widget_type=\"spacer.default\">\n\t\t\t\t<div class=\"elementor-widget-container\">\n\t\t\t\t\t\t\t<div class=\"elementor-spacer\">\n\t\t\t<div class=\"elementor-spacer-inner\"><\/div>\n\t\t<\/div>\n\t\t\t\t\t\t<\/div>\n\t\t\t\t<\/div>\n\t\t\t\t<div class=\"elementor-element elementor-element-2b391b4 elementor-widget elementor-widget-image\" data-id=\"2b391b4\" data-element_type=\"widget\" data-e-type=\"widget\" data-widget_type=\"image.default\">\n\t\t\t\t<div class=\"elementor-widget-container\">\n\t\t\t\t\t\t\t\t\t\t\t\t\t\t\t<img decoding=\"async\" src=\"https:\/\/dakuglas.ch\/wp-content\/uploads\/elementor\/thumbs\/IMG_0197-oktglnnc84713z2uakoqurvnp973xks568ywfvw8u0.jpg\" title=\"IMG_0197\" alt=\"IMG_0197\" loading=\"lazy\" \/>\t\t\t\t\t\t\t\t\t\t\t\t\t\t\t<\/div>\n\t\t\t\t<\/div>\n\t\t\t\t\t<\/div>\n\t\t<\/div>\n\t\t\t\t<div class=\"elementor-column elementor-col-33 elementor-top-column elementor-element elementor-element-ef3ff12\" data-id=\"ef3ff12\" data-element_type=\"column\" data-e-type=\"column\">\n\t\t\t<div class=\"elementor-widget-wrap elementor-element-populated\">\n\t\t\t\t\t\t<div class=\"elementor-element elementor-element-9482d5a elementor-widget elementor-widget-heading\" data-id=\"9482d5a\" data-element_type=\"widget\" data-e-type=\"widget\" data-widget_type=\"heading.default\">\n\t\t\t\t<div class=\"elementor-widget-container\">\n\t\t\t\t\t<h4 class=\"elementor-heading-title elementor-size-default\">Mein Rohmateriallieferant\n<\/h4>\t\t\t\t<\/div>\n\t\t\t\t<\/div>\n\t\t\t\t<div class=\"elementor-element elementor-element-a40dea5 elementor-widget elementor-widget-image\" data-id=\"a40dea5\" data-element_type=\"widget\" data-e-type=\"widget\" data-widget_type=\"image.default\">\n\t\t\t\t<div class=\"elementor-widget-container\">\n\t\t\t\t\t\t\t\t\t\t\t\t\t\t\t<img fetchpriority=\"high\" decoding=\"async\" width=\"300\" height=\"180\" src=\"https:\/\/dakuglas.ch\/wp-content\/uploads\/2025\/08\/blatter_neu_ag.jpg\" class=\"attachment-large size-large wp-image-346\" alt=\"\" \/>\t\t\t\t\t\t\t\t\t\t\t\t\t\t\t<\/div>\n\t\t\t\t<\/div>\n\t\t\t\t<div class=\"elementor-element elementor-element-633807a elementor-widget elementor-widget-text-editor\" data-id=\"633807a\" data-element_type=\"widget\" data-e-type=\"widget\" data-widget_type=\"text-editor.default\">\n\t\t\t\t<div class=\"elementor-widget-container\">\n\t\t\t\t\t\t\t\t\t<h4>Blatter AG<br \/>Bernapark 28<br \/>3066 Stettlen<\/h4><p><a href=\"tel:0041319909010\">T +41 (0)31 990 90 10<\/a>\u00a0<\/p><p><a href=\"https:\/\/www.blatter-ag.ch\"><span style=\"text-decoration: underline;\">https:\/\/www.blatter-ag.ch<\/span><\/a><\/p>\t\t\t\t\t\t\t\t<\/div>\n\t\t\t\t<\/div>\n\t\t\t\t\t<\/div>\n\t\t<\/div>\n\t\t\t\t\t<\/div>\n\t\t<\/section>\n\t\t\t\t<section class=\"elementor-section elementor-top-section elementor-element elementor-element-96e739f elementor-section-boxed elementor-section-height-default elementor-section-height-default\" data-id=\"96e739f\" data-element_type=\"section\" data-e-type=\"section\">\n\t\t\t\t\t\t<div class=\"elementor-container elementor-column-gap-default\">\n\t\t\t\t\t<div class=\"elementor-column elementor-col-100 elementor-top-column elementor-element elementor-element-d84bbc8\" data-id=\"d84bbc8\" data-element_type=\"column\" data-e-type=\"column\">\n\t\t\t<div class=\"elementor-widget-wrap elementor-element-populated\">\n\t\t\t\t\t\t<section class=\"elementor-section elementor-inner-section elementor-element elementor-element-322af22 elementor-section-boxed elementor-section-height-default elementor-section-height-default\" data-id=\"322af22\" data-element_type=\"section\" data-e-type=\"section\">\n\t\t\t\t\t\t<div class=\"elementor-container elementor-column-gap-default\">\n\t\t\t\t\t<div class=\"elementor-column elementor-col-33 elementor-inner-column elementor-element elementor-element-9bf10b3\" data-id=\"9bf10b3\" data-element_type=\"column\" data-e-type=\"column\">\n\t\t\t<div class=\"elementor-widget-wrap elementor-element-populated\">\n\t\t\t\t\t\t<div class=\"elementor-element elementor-element-949ecea elementor-widget elementor-widget-image\" data-id=\"949ecea\" data-element_type=\"widget\" data-e-type=\"widget\" data-widget_type=\"image.default\">\n\t\t\t\t<div class=\"elementor-widget-container\">\n\t\t\t\t\t\t\t\t\t\t\t\t\t\t\t<img decoding=\"async\" width=\"300\" height=\"225\" src=\"https:\/\/dakuglas.ch\/wp-content\/uploads\/2020\/02\/IMG_0207-300x225.jpg\" class=\"attachment-medium size-medium wp-image-153\" alt=\"\" srcset=\"https:\/\/dakuglas.ch\/wp-content\/uploads\/2020\/02\/IMG_0207-300x225.jpg 300w, https:\/\/dakuglas.ch\/wp-content\/uploads\/2020\/02\/IMG_0207-768x576.jpg 768w, https:\/\/dakuglas.ch\/wp-content\/uploads\/2020\/02\/IMG_0207.jpg 1024w\" sizes=\"(max-width: 300px) 100vw, 300px\" \/>\t\t\t\t\t\t\t\t\t\t\t\t\t\t\t<\/div>\n\t\t\t\t<\/div>\n\t\t\t\t\t<\/div>\n\t\t<\/div>\n\t\t\t\t<div class=\"elementor-column elementor-col-33 elementor-inner-column elementor-element elementor-element-992b86b\" data-id=\"992b86b\" data-element_type=\"column\" data-e-type=\"column\">\n\t\t\t<div class=\"elementor-widget-wrap elementor-element-populated\">\n\t\t\t\t\t\t<div class=\"elementor-element elementor-element-502f556 elementor-widget elementor-widget-image\" data-id=\"502f556\" data-element_type=\"widget\" data-e-type=\"widget\" data-widget_type=\"image.default\">\n\t\t\t\t<div class=\"elementor-widget-container\">\n\t\t\t\t\t\t\t\t\t\t\t\t\t\t\t<img decoding=\"async\" width=\"224\" height=\"300\" src=\"https:\/\/dakuglas.ch\/wp-content\/uploads\/2020\/02\/IMG_0163.jpg\" class=\"attachment-medium size-medium wp-image-189\" alt=\"\" \/>\t\t\t\t\t\t\t\t\t\t\t\t\t\t\t<\/div>\n\t\t\t\t<\/div>\n\t\t\t\t\t<\/div>\n\t\t<\/div>\n\t\t\t\t<div class=\"elementor-column elementor-col-33 elementor-inner-column elementor-element elementor-element-6bc6a87\" data-id=\"6bc6a87\" data-element_type=\"column\" data-e-type=\"column\">\n\t\t\t<div class=\"elementor-widget-wrap elementor-element-populated\">\n\t\t\t\t\t\t<div class=\"elementor-element elementor-element-2c2cd50 elementor-widget elementor-widget-image\" data-id=\"2c2cd50\" data-element_type=\"widget\" data-e-type=\"widget\" data-widget_type=\"image.default\">\n\t\t\t\t<div class=\"elementor-widget-container\">\n\t\t\t\t\t\t\t\t\t\t\t\t\t\t\t<img decoding=\"async\" src=\"https:\/\/dakuglas.ch\/wp-content\/uploads\/elementor\/thumbs\/IMG_0439-oktqsx55bw6e9msfnhkci4gyrl8m29k11q7cpjec3u.jpg\" title=\"IMG_0439\" alt=\"IMG_0439\" loading=\"lazy\" \/>\t\t\t\t\t\t\t\t\t\t\t\t\t\t\t<\/div>\n\t\t\t\t<\/div>\n\t\t\t\t\t<\/div>\n\t\t<\/div>\n\t\t\t\t\t<\/div>\n\t\t<\/section>\n\t\t\t\t\t<\/div>\n\t\t<\/div>\n\t\t\t\t\t<\/div>\n\t\t<\/section>\n\t\t\t\t<\/div>\n\t\t","protected":false},"excerpt":{"rendered":"<p>Meine Produkte Ich stelle Mosaike auf der Basis von Betonplatten her. Die Oberfl\u00e4che besteht aus wetterfesten, begehbaren und dauerhaften Keramikmaterialien. Dabei k\u00f6nnen sowohl L\u00e4nder-, Kantons- oder Familienwappen wie auch andere Designs, beispielsweise Firmenlogos, bestellt werden. Designs m\u00fcssen angeliefert werden, entweder in Form von Skizzen mit Massangaben oder als Fotografien oder mit anderem Bildmaterial. Ein Mosaik [&hellip;]<\/p>\n","protected":false},"author":1,"featured_media":0,"parent":0,"menu_order":0,"comment_status":"closed","ping_status":"closed","template":"","meta":{"ocean_post_layout":"full-width","ocean_both_sidebars_style":"","ocean_both_sidebars_content_width":0,"ocean_both_sidebars_sidebars_width":0,"ocean_sidebar":"0","ocean_second_sidebar":"0","ocean_disable_margins":"enable","ocean_add_body_class":"","ocean_shortcode_before_top_bar":"","ocean_shortcode_after_top_bar":"","ocean_shortcode_before_header":"","ocean_shortcode_after_header":"","ocean_has_shortcode":"","ocean_shortcode_after_title":"","ocean_shortcode_before_footer_widgets":"","ocean_shortcode_after_footer_widgets":"","ocean_shortcode_before_footer_bottom":"","ocean_shortcode_after_footer_bottom":"","ocean_display_top_bar":"default","ocean_display_header":"default","ocean_header_style":"","ocean_center_header_left_menu":"0","ocean_custom_header_template":"0","ocean_custom_logo":0,"ocean_custom_retina_logo":0,"ocean_custom_logo_max_width":0,"ocean_custom_logo_tablet_max_width":0,"ocean_custom_logo_mobile_max_width":0,"ocean_custom_logo_max_height":0,"ocean_custom_logo_tablet_max_height":0,"ocean_custom_logo_mobile_max_height":0,"ocean_header_custom_menu":"0","ocean_menu_typo_font_family":"0","ocean_menu_typo_font_subset":"","ocean_menu_typo_font_size":0,"ocean_menu_typo_font_size_tablet":0,"ocean_menu_typo_font_size_mobile":0,"ocean_menu_typo_font_size_unit":"px","ocean_menu_typo_font_weight":"","ocean_menu_typo_font_weight_tablet":"","ocean_menu_typo_font_weight_mobile":"","ocean_menu_typo_transform":"","ocean_menu_typo_transform_tablet":"","ocean_menu_typo_transform_mobile":"","ocean_menu_typo_line_height":0,"ocean_menu_typo_line_height_tablet":0,"ocean_menu_typo_line_height_mobile":0,"ocean_menu_typo_line_height_unit":"","ocean_menu_typo_spacing":0,"ocean_menu_typo_spacing_tablet":0,"ocean_menu_typo_spacing_mobile":0,"ocean_menu_typo_spacing_unit":"","ocean_menu_link_color":"","ocean_menu_link_color_hover":"","ocean_menu_link_color_active":"","ocean_menu_link_background":"","ocean_menu_link_hover_background":"","ocean_menu_link_active_background":"","ocean_menu_social_links_bg":"","ocean_menu_social_hover_links_bg":"","ocean_menu_social_links_color":"","ocean_menu_social_hover_links_color":"","ocean_disable_title":"default","ocean_disable_heading":"default","ocean_post_title":"","ocean_post_subheading":"","ocean_post_title_style":"","ocean_post_title_background_color":"","ocean_post_title_background":0,"ocean_post_title_bg_image_position":"","ocean_post_title_bg_image_attachment":"","ocean_post_title_bg_image_repeat":"","ocean_post_title_bg_image_size":"","ocean_post_title_height":0,"ocean_post_title_bg_overlay":0.5,"ocean_post_title_bg_overlay_color":"","ocean_disable_breadcrumbs":"default","ocean_breadcrumbs_color":"","ocean_breadcrumbs_separator_color":"","ocean_breadcrumbs_links_color":"","ocean_breadcrumbs_links_hover_color":"","ocean_display_footer_widgets":"default","ocean_display_footer_bottom":"default","ocean_custom_footer_template":"0","footnotes":""},"class_list":["post-15","page","type-page","status-publish","hentry","entry"],"yoast_head":"<!-- This site is optimized with the Yoast SEO plugin v18.4.1 - https:\/\/yoast.com\/wordpress\/plugins\/seo\/ -->\n<title>Produkte - Dakuglas<\/title>\n<meta name=\"robots\" content=\"index, follow, max-snippet:-1, max-image-preview:large, max-video-preview:-1\" \/>\n<link rel=\"canonical\" href=\"https:\/\/dakuglas.ch\/index.php\/produkte\/\" \/>\n<meta property=\"og:locale\" content=\"de_DE\" \/>\n<meta property=\"og:type\" content=\"article\" \/>\n<meta property=\"og:title\" content=\"Produkte - Dakuglas\" \/>\n<meta property=\"og:description\" content=\"Meine Produkte Ich stelle Mosaike auf der Basis von Betonplatten her. Die Oberfl\u00e4che besteht aus wetterfesten, begehbaren und dauerhaften Keramikmaterialien. Dabei k\u00f6nnen sowohl L\u00e4nder-, Kantons- oder Familienwappen wie auch andere Designs, beispielsweise Firmenlogos, bestellt werden. Designs m\u00fcssen angeliefert werden, entweder in Form von Skizzen mit Massangaben oder als Fotografien oder mit anderem Bildmaterial. Ein Mosaik [&hellip;]\" \/>\n<meta property=\"og:url\" content=\"https:\/\/dakuglas.ch\/index.php\/produkte\/\" \/>\n<meta property=\"og:site_name\" content=\"Dakuglas\" \/>\n<meta property=\"article:modified_time\" content=\"2025-08-14T12:50:23+00:00\" \/>\n<meta property=\"og:image\" content=\"https:\/\/dakuglas.ch\/wp-content\/uploads\/elementor\/thumbs\/IMG_0197-oktglnnc84713z2uakoqurvnp973xks568ywfvw8u0.jpg\" \/>\n<meta name=\"twitter:card\" content=\"summary_large_image\" \/>\n<meta name=\"twitter:label1\" content=\"Est. reading time\" \/>\n\t<meta name=\"twitter:data1\" content=\"1\u00a0Minute\" \/>\n<script type=\"application\/ld+json\" class=\"yoast-schema-graph\">{\"@context\":\"https:\/\/schema.org\",\"@graph\":[{\"@type\":\"Organization\",\"@id\":\"https:\/\/dakuglas.ch\/#organization\",\"name\":\"Dakuglas, Daniel K\u00fcng, Belp\",\"url\":\"https:\/\/dakuglas.ch\/\",\"sameAs\":[],\"logo\":{\"@type\":\"ImageObject\",\"@id\":\"https:\/\/dakuglas.ch\/#logo\",\"inLanguage\":\"de-CH\",\"url\":\"https:\/\/dakuglas.ch\/wp-content\/uploads\/2020\/02\/dakuglas_logo_09.png\",\"contentUrl\":\"https:\/\/dakuglas.ch\/wp-content\/uploads\/2020\/02\/dakuglas_logo_09.png\",\"width\":750,\"height\":150,\"caption\":\"Dakuglas, Daniel K\u00fcng, Belp\"},\"image\":{\"@id\":\"https:\/\/dakuglas.ch\/#logo\"}},{\"@type\":\"WebSite\",\"@id\":\"https:\/\/dakuglas.ch\/#website\",\"url\":\"https:\/\/dakuglas.ch\/\",\"name\":\"Dakuglas\",\"description\":\"Mosaike Daniel K\u00fcng, Belp\",\"publisher\":{\"@id\":\"https:\/\/dakuglas.ch\/#organization\"},\"potentialAction\":[{\"@type\":\"SearchAction\",\"target\":{\"@type\":\"EntryPoint\",\"urlTemplate\":\"https:\/\/dakuglas.ch\/?s={search_term_string}\"},\"query-input\":\"required name=search_term_string\"}],\"inLanguage\":\"de-CH\"},{\"@type\":\"ImageObject\",\"@id\":\"https:\/\/dakuglas.ch\/index.php\/produkte\/#primaryimage\",\"inLanguage\":\"de-CH\",\"url\":\"https:\/\/dakuglas.ch\/wp-content\/uploads\/elementor\/thumbs\/IMG_0197-oktglnnc84713z2uakoqurvnp973xks568ywfvw8u0.jpg\",\"contentUrl\":\"https:\/\/dakuglas.ch\/wp-content\/uploads\/elementor\/thumbs\/IMG_0197-oktglnnc84713z2uakoqurvnp973xks568ywfvw8u0.jpg\"},{\"@type\":\"WebPage\",\"@id\":\"https:\/\/dakuglas.ch\/index.php\/produkte\/#webpage\",\"url\":\"https:\/\/dakuglas.ch\/index.php\/produkte\/\",\"name\":\"Produkte - Dakuglas\",\"isPartOf\":{\"@id\":\"https:\/\/dakuglas.ch\/#website\"},\"primaryImageOfPage\":{\"@id\":\"https:\/\/dakuglas.ch\/index.php\/produkte\/#primaryimage\"},\"datePublished\":\"2020-02-04T23:41:02+00:00\",\"dateModified\":\"2025-08-14T12:50:23+00:00\",\"breadcrumb\":{\"@id\":\"https:\/\/dakuglas.ch\/index.php\/produkte\/#breadcrumb\"},\"inLanguage\":\"de-CH\",\"potentialAction\":[{\"@type\":\"ReadAction\",\"target\":[\"https:\/\/dakuglas.ch\/index.php\/produkte\/\"]}]},{\"@type\":\"BreadcrumbList\",\"@id\":\"https:\/\/dakuglas.ch\/index.php\/produkte\/#breadcrumb\",\"itemListElement\":[{\"@type\":\"ListItem\",\"position\":1,\"name\":\"Home\",\"item\":\"https:\/\/dakuglas.ch\/\"},{\"@type\":\"ListItem\",\"position\":2,\"name\":\"Produkte\"}]}]}<\/script>\n<!-- \/ Yoast SEO plugin. -->","yoast_head_json":{"title":"Produkte - Dakuglas","robots":{"index":"index","follow":"follow","max-snippet":"max-snippet:-1","max-image-preview":"max-image-preview:large","max-video-preview":"max-video-preview:-1"},"canonical":"https:\/\/dakuglas.ch\/index.php\/produkte\/","og_locale":"de_DE","og_type":"article","og_title":"Produkte - Dakuglas","og_description":"Meine Produkte Ich stelle Mosaike auf der Basis von Betonplatten her. Die Oberfl\u00e4che besteht aus wetterfesten, begehbaren und dauerhaften Keramikmaterialien. Dabei k\u00f6nnen sowohl L\u00e4nder-, Kantons- oder Familienwappen wie auch andere Designs, beispielsweise Firmenlogos, bestellt werden. Designs m\u00fcssen angeliefert werden, entweder in Form von Skizzen mit Massangaben oder als Fotografien oder mit anderem Bildmaterial. Ein Mosaik [&hellip;]","og_url":"https:\/\/dakuglas.ch\/index.php\/produkte\/","og_site_name":"Dakuglas","article_modified_time":"2025-08-14T12:50:23+00:00","og_image":[{"url":"https:\/\/dakuglas.ch\/wp-content\/uploads\/elementor\/thumbs\/IMG_0197-oktglnnc84713z2uakoqurvnp973xks568ywfvw8u0.jpg"}],"twitter_card":"summary_large_image","twitter_misc":{"Est. reading time":"1\u00a0Minute"},"schema":{"@context":"https:\/\/schema.org","@graph":[{"@type":"Organization","@id":"https:\/\/dakuglas.ch\/#organization","name":"Dakuglas, Daniel K\u00fcng, Belp","url":"https:\/\/dakuglas.ch\/","sameAs":[],"logo":{"@type":"ImageObject","@id":"https:\/\/dakuglas.ch\/#logo","inLanguage":"de-CH","url":"https:\/\/dakuglas.ch\/wp-content\/uploads\/2020\/02\/dakuglas_logo_09.png","contentUrl":"https:\/\/dakuglas.ch\/wp-content\/uploads\/2020\/02\/dakuglas_logo_09.png","width":750,"height":150,"caption":"Dakuglas, Daniel K\u00fcng, Belp"},"image":{"@id":"https:\/\/dakuglas.ch\/#logo"}},{"@type":"WebSite","@id":"https:\/\/dakuglas.ch\/#website","url":"https:\/\/dakuglas.ch\/","name":"Dakuglas","description":"Mosaike Daniel K\u00fcng, Belp","publisher":{"@id":"https:\/\/dakuglas.ch\/#organization"},"potentialAction":[{"@type":"SearchAction","target":{"@type":"EntryPoint","urlTemplate":"https:\/\/dakuglas.ch\/?s={search_term_string}"},"query-input":"required name=search_term_string"}],"inLanguage":"de-CH"},{"@type":"ImageObject","@id":"https:\/\/dakuglas.ch\/index.php\/produkte\/#primaryimage","inLanguage":"de-CH","url":"https:\/\/dakuglas.ch\/wp-content\/uploads\/elementor\/thumbs\/IMG_0197-oktglnnc84713z2uakoqurvnp973xks568ywfvw8u0.jpg","contentUrl":"https:\/\/dakuglas.ch\/wp-content\/uploads\/elementor\/thumbs\/IMG_0197-oktglnnc84713z2uakoqurvnp973xks568ywfvw8u0.jpg"},{"@type":"WebPage","@id":"https:\/\/dakuglas.ch\/index.php\/produkte\/#webpage","url":"https:\/\/dakuglas.ch\/index.php\/produkte\/","name":"Produkte - Dakuglas","isPartOf":{"@id":"https:\/\/dakuglas.ch\/#website"},"primaryImageOfPage":{"@id":"https:\/\/dakuglas.ch\/index.php\/produkte\/#primaryimage"},"datePublished":"2020-02-04T23:41:02+00:00","dateModified":"2025-08-14T12:50:23+00:00","breadcrumb":{"@id":"https:\/\/dakuglas.ch\/index.php\/produkte\/#breadcrumb"},"inLanguage":"de-CH","potentialAction":[{"@type":"ReadAction","target":["https:\/\/dakuglas.ch\/index.php\/produkte\/"]}]},{"@type":"BreadcrumbList","@id":"https:\/\/dakuglas.ch\/index.php\/produkte\/#breadcrumb","itemListElement":[{"@type":"ListItem","position":1,"name":"Home","item":"https:\/\/dakuglas.ch\/"},{"@type":"ListItem","position":2,"name":"Produkte"}]}]}},"_links":{"self":[{"href":"https:\/\/dakuglas.ch\/index.php\/wp-json\/wp\/v2\/pages\/15","targetHints":{"allow":["GET"]}}],"collection":[{"href":"https:\/\/dakuglas.ch\/index.php\/wp-json\/wp\/v2\/pages"}],"about":[{"href":"https:\/\/dakuglas.ch\/index.php\/wp-json\/wp\/v2\/types\/page"}],"author":[{"embeddable":true,"href":"https:\/\/dakuglas.ch\/index.php\/wp-json\/wp\/v2\/users\/1"}],"replies":[{"embeddable":true,"href":"https:\/\/dakuglas.ch\/index.php\/wp-json\/wp\/v2\/comments?post=15"}],"version-history":[{"count":29,"href":"https:\/\/dakuglas.ch\/index.php\/wp-json\/wp\/v2\/pages\/15\/revisions"}],"predecessor-version":[{"id":349,"href":"https:\/\/dakuglas.ch\/index.php\/wp-json\/wp\/v2\/pages\/15\/revisions\/349"}],"wp:attachment":[{"href":"https:\/\/dakuglas.ch\/index.php\/wp-json\/wp\/v2\/media?parent=15"}],"curies":[{"name":"wp","href":"https:\/\/api.w.org\/{rel}","templated":true}]}}